{"id":1371,"date":"2025-11-05T18:24:11","date_gmt":"2025-11-05T18:24:11","guid":{"rendered":"https:\/\/franciscosenn.com\/bienvenidos-a-mi-espacio-podcasts-y-videos-inspiradores\/"},"modified":"2026-01-19T12:11:41","modified_gmt":"2026-01-19T12:11:41","slug":"bienvenidos-a-mi-espacio-podcasts-y-videos-inspiradores","status":"publish","type":"page","link":"https:\/\/franciscosenn.com\/en\/bienvenidos-a-mi-espacio-podcasts-y-videos-inspiradores\/","title":{"rendered":"Bienvenidos a Mi Espacio: Podcasts y V\u00eddeos Inspiradores"},"content":{"rendered":"\n<h2 class=\"wp-block-heading\">Explora Mis Podcasts y V\u00eddeos<\/h2>\n\n\n\n<p>\u00a1Hola! Estoy emocionado de darles la bienvenida a mi p\u00e1gina dedicada a compartir mis podcasts y v\u00eddeos. Aqu\u00ed, encontrar\u00e1s contenido que inspira, motiva y te brinda herramientas pr\u00e1cticas para transformar tu vida. Cada uno de mis episodios est\u00e1 dise\u00f1ado para ofrecerte reflexiones profundas y consejos de coaching eficaz.<\/p>\n\n\n\n<h2 class=\"wp-block-heading\">\u00bfQu\u00e9 Puedes Esperar?<\/h2>\n\n\n\n<p>En esta plataforma, podr\u00e1s descubrir una variedad de episodios donde trato temas como el crecimiento personal, la superaci\u00f3n de obst\u00e1culos, y el desarrollo de habilidades. Mi objetivo es acompa\u00f1arte en tu viaje hacia la mejor versi\u00f3n de ti mismo. Con cada podcast y v\u00eddeo, espero no solo entretenerte, sino tambi\u00e9n ofrecerte claridad y direcci\u00f3n en tus desaf\u00edos diarios.<\/p>\n\n\n\n<div class=\"wp-block-uagb-info-box uagb-block-14a889d8 uagb-infobox__content-wrap  uagb-infobox-icon-above-title uagb-infobox-image-valign-top\"><div class=\"uagb-ifb-content\"><div class=\"uagb-ifb-image-content\"><img decoding=\"async\" src=\"https:\/\/franciscosenn.com\/wp-content\/uploads\/2025\/11\/pexels-photo-1054713-1054713-150x150.jpg\" alt=\"Close-up of a microphone with a blurred computer screen in the background, ideal for podcast themes.\" width=\"\" height=\"0\" loading=\"lazy\"\/><\/div><div class=\"uagb-ifb-title-wrap\"><h3 class=\"uagb-ifb-title\">Listado de podcast y v\u00eddeo<\/h3><\/div><p class=\"uagb-ifb-desc\">Reproduce y descarga libremente el que sea de tu agrado.<\/p><\/div><\/div>\n\n\n        <style>\n            #h5vp69ff30a643cd8 {  width: 100%; }        <\/style>\n        <div id=\"h5vp69ff30a643cd8\" class=\"pdp-wrapper pdp_initializer pdp_wrapper_default light\" data-settings=\"{&quot;options&quot;:{&quot;controls&quot;:[&quot;play&quot;,&quot;progress&quot;,&quot;current-time&quot;,&quot;mute&quot;,&quot;volume&quot;,&quot;settings&quot;],&quot;tooltips&quot;:{&quot;controls&quot;:true,&quot;seek&quot;:true},&quot;loop&quot;:{&quot;active&quot;:false}},&quot;infos&quot;:{&quot;share&quot;:true,&quot;shares&quot;:[&quot;facebook&quot;,&quot;twitter&quot;,&quot;linkedin&quot;,&quot;pinterest&quot;,&quot;stumbleupon&quot;,&quot;whatsapp&quot;,&quot;email&quot;],&quot;showCount&quot;:false,&quot;showLabel&quot;:false,&quot;skin&quot;:&quot;default&quot;}}\">\n                                <div id=\"\" class=\"row pdp-item pdf_player\">\n                                                    <div class=\"pdp_fet_img col-md-3\">\n                                <img decoding=\"async\" src=\"https:\/\/franciscosenn.com\/wp-content\/uploads\/2025\/11\/Miniatura-podcast-entrevista.png\" alt=\"Image\" \/>\n                            <\/div>\n                                                <div class=\"pdp_plyr_area col-md-9\">\n                                                            <h3 title=\"Desgranando el C\u00f3dice, con Francisco Senn\">Desgranando el C\u00f3dice, con Francisco Senn<\/h3>\n                                                        <div class=\"audioWrapper\">\n                                <audio class=\"podcast\" playsinline>\n                                    <source src=\"https:\/\/franciscosenn.com\/wp-content\/uploads\/2025\/11\/FRANCISCO_s-Video-Nov-19-2025-VEED.mp3\" type=\"audio\/mp3\" \/>\n                                    Your browser does not support the audio tag.\n                                <\/audio>\n                            <\/div>\n                            <div class=\"share\"><\/div>\n                        <\/div>\n                    <\/div>\n                    <\/div>\n\n\n\n        <style>\n            #h5vp69ff30a643cd8 {  width: 100%; }#h5vp69ff30a643e8a {  width: 100%; }        <\/style>\n        <div id=\"h5vp69ff30a643e8a\" class=\"pdp-wrapper pdp_initializer pdp_wrapper_default light\" data-settings=\"{&quot;options&quot;:{&quot;controls&quot;:[&quot;play&quot;,&quot;progress&quot;,&quot;current-time&quot;,&quot;mute&quot;,&quot;volume&quot;,&quot;settings&quot;,&quot;download&quot;],&quot;tooltips&quot;:{&quot;controls&quot;:true,&quot;seek&quot;:true},&quot;loop&quot;:{&quot;active&quot;:false}},&quot;infos&quot;:{&quot;share&quot;:true,&quot;shares&quot;:[&quot;facebook&quot;,&quot;twitter&quot;,&quot;linkedin&quot;,&quot;pinterest&quot;,&quot;stumbleupon&quot;,&quot;whatsapp&quot;,&quot;email&quot;],&quot;showCount&quot;:false,&quot;showLabel&quot;:false,&quot;skin&quot;:&quot;default&quot;}}\">\n                                <div id=\"\" class=\"row pdp-item pdf_player\">\n                                                    <div class=\"pdp_fet_img col-md-3\">\n                                <img decoding=\"async\" src=\"https:\/\/franciscosenn.com\/wp-content\/uploads\/2025\/11\/a28991e4-54c0-454c-821f-cc217bde26b6.png\" alt=\"Image\" \/>\n                            <\/div>\n                                                <div class=\"pdp_plyr_area col-md-9\">\n                                                            <h3 title=\"Poscast del libro el C\u00f3dice de la Concordia\">Poscast del libro el C\u00f3dice de la Concordia<\/h3>\n                                                        <div class=\"audioWrapper\">\n                                <audio class=\"podcast\" playsinline>\n                                    <source src=\"https:\/\/franciscosenn.com\/wp-content\/uploads\/2025\/11\/desentraando-la-concordia-pocast-con-Flikki.mp3\" type=\"audio\/mp3\" \/>\n                                    Your browser does not support the audio tag.\n                                <\/audio>\n                            <\/div>\n                            <div class=\"share\"><\/div>\n                        <\/div>\n                    <\/div>\n                    <\/div>\n\n\n\n        <style>\n            #h5vp69ff30a643cd8 {  width: 100%; }#h5vp69ff30a643e8a {  width: 100%; }#h5vp69ff30a644002 {  width: 100%; }        <\/style>\n        <div id=\"h5vp69ff30a644002\" class=\"pdp-wrapper pdp_initializer pdp_wrapper_default light\" data-settings=\"{&quot;options&quot;:{&quot;controls&quot;:[&quot;play&quot;,&quot;progress&quot;,&quot;current-time&quot;,&quot;mute&quot;,&quot;volume&quot;,&quot;settings&quot;,&quot;download&quot;],&quot;tooltips&quot;:{&quot;controls&quot;:true,&quot;seek&quot;:true},&quot;loop&quot;:{&quot;active&quot;:false}},&quot;infos&quot;:{&quot;share&quot;:true,&quot;shares&quot;:[&quot;facebook&quot;,&quot;twitter&quot;,&quot;linkedin&quot;,&quot;pinterest&quot;,&quot;stumbleupon&quot;,&quot;whatsapp&quot;,&quot;email&quot;],&quot;showCount&quot;:false,&quot;showLabel&quot;:false,&quot;skin&quot;:&quot;default&quot;}}\">\n                                <div id=\"\" class=\"row pdp-item pdf_player\">\n                                                    <div class=\"pdp_fet_img col-md-3\">\n                                <img decoding=\"async\" src=\"https:\/\/franciscosenn.com\/wp-content\/uploads\/2025\/11\/54e184df-f182-4fd4-816a-fdf5ab91c2e9-Personalizado.png\" alt=\"Image\" \/>\n                            <\/div>\n                                                <div class=\"pdp_plyr_area col-md-9\">\n                                                            <h3 title=\"Entrevista a Francisco Senn: el c\u00f3digo de la automotivaci\u00f3n\">Entrevista a Francisco Senn: el c\u00f3digo de la automotivaci\u00f3n<\/h3>\n                                                        <div class=\"audioWrapper\">\n                                <audio class=\"podcast\" playsinline>\n                                    <source src=\"https:\/\/franciscosenn.com\/wp-content\/uploads\/2025\/11\/Entrevista-a-Francisco-Senn_-el-codigo-de-la-automotivacion-VEED.mp4\" type=\"audio\/mp3\" \/>\n                                    Your browser does not support the audio tag.\n                                <\/audio>\n                            <\/div>\n                            <div class=\"share\"><\/div>\n                        <\/div>\n                    <\/div>\n                                <div id=\"\" class=\"row pdp-item pdf_player\">\n                                                    <div class=\"pdp_fet_img col-md-3\">\n                                <img decoding=\"async\" src=\"https:\/\/franciscosenn.com\/wp-content\/uploads\/2025\/11\/4e44f38d-b3ed-4ac9-bd92-0ccd2b7eac81.png\" alt=\"Image\" \/>\n                            <\/div>\n                                                <div class=\"pdp_plyr_area col-md-9\">\n                                                            <h3 title=\"Podcast an\u00e1lisis del C\u00f3digo de la Automotivaci\u00f3n\">Podcast an\u00e1lisis del C\u00f3digo de la Automotivaci\u00f3n<\/h3>\n                                                        <div class=\"audioWrapper\">\n                                <audio class=\"podcast\" playsinline>\n                                    <source src=\"https:\/\/franciscosenn.com\/wp-content\/uploads\/2025\/11\/ElevenLabs_Podcast_promocion_libro_automotivacion-1.mp3\" type=\"audio\/mp3\" \/>\n                                    Your browser does not support the audio tag.\n                                <\/audio>\n                            <\/div>\n                            <div class=\"share\"><\/div>\n                        <\/div>\n                    <\/div>\n                    <\/div>\n\n\n\n\n<h2 class=\"wp-block-heading\">\u00a1Conecta y Crece Conmigo!<\/h2>\n\n\n\n<p>Te invito a escuchar mis \u00faltimos episodios y a interactuar con la comunidad. Si sientes que necesitas un empuj\u00f3n adicional, recuerda que tambi\u00e9n ofrezco coaching personal. No dudes en visitar mi p\u00e1gina de <a href=\"about.html\">about<\/a> para conocer m\u00e1s sobre mis servicios y c\u00f3mo puedo apoyarte en tu proceso de crecimiento. \u00a1Estoy aqu\u00ed para ayudarte a alcanzar tus metas!<\/p>\n","protected":false},"excerpt":{"rendered":"<p>Explora Mis Podcasts y V\u00eddeos \u00a1Hola! Estoy emocionado de darles la bienvenida a mi p\u00e1gina dedicada a compartir mis podcasts [&hellip;]<\/p>\n","protected":false},"author":5,"featured_media":0,"parent":0,"menu_order":0,"comment_status":"closed","ping_status":"closed","template":"","meta":{"_uag_custom_page_level_css":"","site-sidebar-layout":"default","site-content-layout":"","ast-site-content-layout":"default","site-content-style":"default","site-sidebar-style":"default","ast-global-header-display":"","ast-banner-title-visibility":"","ast-main-header-display":"","ast-hfb-above-header-display":"","ast-hfb-below-header-display":"","ast-hfb-mobile-header-display":"","site-post-title":"","ast-breadcrumbs-content":"","ast-featured-img":"","footer-sml-layout":"","ast-disable-related-posts":"","theme-transparent-header-meta":"","adv-header-id-meta":"","stick-header-meta":"","header-above-stick-meta":"","header-main-stick-meta":"","header-below-stick-meta":"","astra-migrate-meta-layouts":"default","ast-page-background-enabled":"default","ast-page-background-meta":{"desktop":{"background-color":"var(--ast-global-color-4)","background-image":"","background-repeat":"repeat","background-position":"center center","background-size":"auto","background-attachment":"scroll","background-type":"","background-media":"","overlay-type":"","overlay-color":"","overlay-opacity":"","overlay-gradient":""},"tablet":{"background-color":"","background-image":"","background-repeat":"repeat","background-position":"center center","background-size":"auto","background-attachment":"scroll","background-type":"","background-media":"","overlay-type":"","overlay-color":"","overlay-opacity":"","overlay-gradient":""},"mobile":{"background-color":"","background-image":"","background-repeat":"repeat","background-position":"center center","background-size":"auto","background-attachment":"scroll","background-type":"","background-media":"","overlay-type":"","overlay-color":"","overlay-opacity":"","overlay-gradient":""}},"ast-content-background-meta":{"desktop":{"background-color":"var(--ast-global-color-5)","background-image":"","background-repeat":"repeat","background-position":"center center","background-size":"auto","background-attachment":"scroll","background-type":"","background-media":"","overlay-type":"","overlay-color":"","overlay-opacity":"","overlay-gradient":""},"tablet":{"background-color":"var(--ast-global-color-5)","background-image":"","background-repeat":"repeat","background-position":"center center","background-size":"auto","background-attachment":"scroll","background-type":"","background-media":"","overlay-type":"","overlay-color":"","overlay-opacity":"","overlay-gradient":""},"mobile":{"background-color":"var(--ast-global-color-5)","background-image":"","background-repeat":"repeat","background-position":"center center","background-size":"auto","background-attachment":"scroll","background-type":"","background-media":"","overlay-type":"","overlay-color":"","overlay-opacity":"","overlay-gradient":""}},"footnotes":""},"class_list":["post-1371","page","type-page","status-publish","hentry"],"yoast_head":"<!-- This site is optimized with the Yoast SEO plugin v27.5 - https:\/\/yoast.com\/product\/yoast-seo-wordpress\/ -->\n<title>Bienvenidos a Mi Espacio: Podcasts y V\u00eddeos Inspiradores<\/title>\n<meta name=\"description\" content=\"Bienvenido a mi p\u00e1gina donde comparto podcasts y v\u00eddeos inspiradores sobre crecimiento personal y desarrollo de habilidades. Aqu\u00ed encontrar\u00e1s episodios que te motivar\u00e1n y brindar\u00e1n herramientas pr\u00e1cticas para superar obst\u00e1culos en tu vida. \u00a1Con\u00e9ctate y crece conmigo a trav\u00e9s de mi contenido y coaching personal! Descubre c\u00f3mo transformar tu vida y alcanzar tus metas hoy mismo.\" \/>\n<meta name=\"robots\" content=\"index, follow, max-snippet:-1, max-image-preview:large, max-video-preview:-1\" \/>\n<link rel=\"canonical\" href=\"https:\/\/franciscosenn.com\/en\/bienvenidos-a-mi-espacio-podcasts-y-videos-inspiradores\/\" \/>\n<meta property=\"og:locale\" content=\"en_US\" \/>\n<meta property=\"og:type\" content=\"article\" \/>\n<meta property=\"og:title\" content=\"Bienvenidos a Mi Espacio: Podcasts y V\u00eddeos Inspiradores\" \/>\n<meta property=\"og:description\" content=\"Bienvenido a mi p\u00e1gina donde comparto podcasts y v\u00eddeos inspiradores sobre crecimiento personal y desarrollo de habilidades. Aqu\u00ed encontrar\u00e1s episodios que te motivar\u00e1n y brindar\u00e1n herramientas pr\u00e1cticas para superar obst\u00e1culos en tu vida. \u00a1Con\u00e9ctate y crece conmigo a trav\u00e9s de mi contenido y coaching personal! Descubre c\u00f3mo transformar tu vida y alcanzar tus metas hoy mismo.\" \/>\n<meta property=\"og:url\" content=\"https:\/\/franciscosenn.com\/en\/bienvenidos-a-mi-espacio-podcasts-y-videos-inspiradores\/\" \/>\n<meta property=\"og:site_name\" content=\"Francisco Senn\" \/>\n<meta property=\"article:modified_time\" content=\"2026-01-19T12:11:41+00:00\" \/>\n<meta property=\"og:image\" content=\"https:\/\/franciscosenn.com\/wp-content\/uploads\/2025\/11\/pexels-photo-1054713-1054713-150x150.jpg\" \/>\n<meta name=\"twitter:card\" content=\"summary_large_image\" \/>\n<meta name=\"twitter:label1\" content=\"Est. reading time\" \/>\n\t<meta name=\"twitter:data1\" content=\"2 minutes\" \/>\n<script type=\"application\/ld+json\" class=\"yoast-schema-graph\">{\"@context\":\"https:\\\/\\\/schema.org\",\"@graph\":[{\"@type\":\"WebPage\",\"@id\":\"https:\\\/\\\/franciscosenn.com\\\/bienvenidos-a-mi-espacio-podcasts-y-videos-inspiradores\\\/\",\"url\":\"https:\\\/\\\/franciscosenn.com\\\/bienvenidos-a-mi-espacio-podcasts-y-videos-inspiradores\\\/\",\"name\":\"Bienvenidos a Mi Espacio: Podcasts y V\u00eddeos Inspiradores\",\"isPartOf\":{\"@id\":\"https:\\\/\\\/franciscosenn.com\\\/#website\"},\"primaryImageOfPage\":{\"@id\":\"https:\\\/\\\/franciscosenn.com\\\/bienvenidos-a-mi-espacio-podcasts-y-videos-inspiradores\\\/#primaryimage\"},\"image\":{\"@id\":\"https:\\\/\\\/franciscosenn.com\\\/bienvenidos-a-mi-espacio-podcasts-y-videos-inspiradores\\\/#primaryimage\"},\"thumbnailUrl\":\"https:\\\/\\\/franciscosenn.com\\\/wp-content\\\/uploads\\\/2025\\\/11\\\/pexels-photo-1054713-1054713-150x150.jpg\",\"datePublished\":\"2025-11-05T18:24:11+00:00\",\"dateModified\":\"2026-01-19T12:11:41+00:00\",\"description\":\"Bienvenido a mi p\u00e1gina donde comparto podcasts y v\u00eddeos inspiradores sobre crecimiento personal y desarrollo de habilidades. Aqu\u00ed encontrar\u00e1s episodios que te motivar\u00e1n y brindar\u00e1n herramientas pr\u00e1cticas para superar obst\u00e1culos en tu vida. \u00a1Con\u00e9ctate y crece conmigo a trav\u00e9s de mi contenido y coaching personal! Descubre c\u00f3mo transformar tu vida y alcanzar tus metas hoy mismo.\",\"breadcrumb\":{\"@id\":\"https:\\\/\\\/franciscosenn.com\\\/bienvenidos-a-mi-espacio-podcasts-y-videos-inspiradores\\\/#breadcrumb\"},\"inLanguage\":\"en-US\",\"potentialAction\":[{\"@type\":\"ReadAction\",\"target\":[\"https:\\\/\\\/franciscosenn.com\\\/bienvenidos-a-mi-espacio-podcasts-y-videos-inspiradores\\\/\"]}]},{\"@type\":\"ImageObject\",\"inLanguage\":\"en-US\",\"@id\":\"https:\\\/\\\/franciscosenn.com\\\/bienvenidos-a-mi-espacio-podcasts-y-videos-inspiradores\\\/#primaryimage\",\"url\":\"https:\\\/\\\/franciscosenn.com\\\/wp-content\\\/uploads\\\/2025\\\/11\\\/pexels-photo-1054713-1054713-150x150.jpg\",\"contentUrl\":\"https:\\\/\\\/franciscosenn.com\\\/wp-content\\\/uploads\\\/2025\\\/11\\\/pexels-photo-1054713-1054713-150x150.jpg\"},{\"@type\":\"BreadcrumbList\",\"@id\":\"https:\\\/\\\/franciscosenn.com\\\/bienvenidos-a-mi-espacio-podcasts-y-videos-inspiradores\\\/#breadcrumb\",\"itemListElement\":[{\"@type\":\"ListItem\",\"position\":1,\"name\":\"Portada\",\"item\":\"https:\\\/\\\/franciscosenn.com\\\/\"},{\"@type\":\"ListItem\",\"position\":2,\"name\":\"Bienvenidos a Mi Espacio: Podcasts y V\u00eddeos Inspiradores\"}]},{\"@type\":\"WebSite\",\"@id\":\"https:\\\/\\\/franciscosenn.com\\\/#website\",\"url\":\"https:\\\/\\\/franciscosenn.com\\\/\",\"name\":\"Francisco Senn\",\"description\":\"\",\"publisher\":{\"@id\":\"https:\\\/\\\/franciscosenn.com\\\/#organization\"},\"potentialAction\":[{\"@type\":\"SearchAction\",\"target\":{\"@type\":\"EntryPoint\",\"urlTemplate\":\"https:\\\/\\\/franciscosenn.com\\\/?s={search_term_string}\"},\"query-input\":{\"@type\":\"PropertyValueSpecification\",\"valueRequired\":true,\"valueName\":\"search_term_string\"}}],\"inLanguage\":\"en-US\"},{\"@type\":\"Organization\",\"@id\":\"https:\\\/\\\/franciscosenn.com\\\/#organization\",\"name\":\"Francisco Senn\",\"url\":\"https:\\\/\\\/franciscosenn.com\\\/\",\"logo\":{\"@type\":\"ImageObject\",\"inLanguage\":\"en-US\",\"@id\":\"https:\\\/\\\/franciscosenn.com\\\/#\\\/schema\\\/logo\\\/image\\\/\",\"url\":\"https:\\\/\\\/franciscosenn.com\\\/wp-content\\\/uploads\\\/2025\\\/06\\\/cropped-logo_pacosenn-new.png\",\"contentUrl\":\"https:\\\/\\\/franciscosenn.com\\\/wp-content\\\/uploads\\\/2025\\\/06\\\/cropped-logo_pacosenn-new.png\",\"width\":170,\"height\":92,\"caption\":\"Francisco Senn\"},\"image\":{\"@id\":\"https:\\\/\\\/franciscosenn.com\\\/#\\\/schema\\\/logo\\\/image\\\/\"}}]}<\/script>\n<!-- \/ Yoast SEO plugin. -->","yoast_head_json":{"title":"Bienvenidos a Mi Espacio: Podcasts y V\u00eddeos Inspiradores","description":"Bienvenido a mi p\u00e1gina donde comparto podcasts y v\u00eddeos inspiradores sobre crecimiento personal y desarrollo de habilidades. Aqu\u00ed encontrar\u00e1s episodios que te motivar\u00e1n y brindar\u00e1n herramientas pr\u00e1cticas para superar obst\u00e1culos en tu vida. \u00a1Con\u00e9ctate y crece conmigo a trav\u00e9s de mi contenido y coaching personal! Descubre c\u00f3mo transformar tu vida y alcanzar tus metas hoy mismo.","robots":{"index":"index","follow":"follow","max-snippet":"max-snippet:-1","max-image-preview":"max-image-preview:large","max-video-preview":"max-video-preview:-1"},"canonical":"https:\/\/franciscosenn.com\/en\/bienvenidos-a-mi-espacio-podcasts-y-videos-inspiradores\/","og_locale":"en_US","og_type":"article","og_title":"Bienvenidos a Mi Espacio: Podcasts y V\u00eddeos Inspiradores","og_description":"Bienvenido a mi p\u00e1gina donde comparto podcasts y v\u00eddeos inspiradores sobre crecimiento personal y desarrollo de habilidades. Aqu\u00ed encontrar\u00e1s episodios que te motivar\u00e1n y brindar\u00e1n herramientas pr\u00e1cticas para superar obst\u00e1culos en tu vida. \u00a1Con\u00e9ctate y crece conmigo a trav\u00e9s de mi contenido y coaching personal! Descubre c\u00f3mo transformar tu vida y alcanzar tus metas hoy mismo.","og_url":"https:\/\/franciscosenn.com\/en\/bienvenidos-a-mi-espacio-podcasts-y-videos-inspiradores\/","og_site_name":"Francisco Senn","article_modified_time":"2026-01-19T12:11:41+00:00","og_image":[{"url":"https:\/\/franciscosenn.com\/wp-content\/uploads\/2025\/11\/pexels-photo-1054713-1054713-150x150.jpg","type":"","width":"","height":""}],"twitter_card":"summary_large_image","twitter_misc":{"Est. reading time":"2 minutes"},"schema":{"@context":"https:\/\/schema.org","@graph":[{"@type":"WebPage","@id":"https:\/\/franciscosenn.com\/bienvenidos-a-mi-espacio-podcasts-y-videos-inspiradores\/","url":"https:\/\/franciscosenn.com\/bienvenidos-a-mi-espacio-podcasts-y-videos-inspiradores\/","name":"Bienvenidos a Mi Espacio: Podcasts y V\u00eddeos Inspiradores","isPartOf":{"@id":"https:\/\/franciscosenn.com\/#website"},"primaryImageOfPage":{"@id":"https:\/\/franciscosenn.com\/bienvenidos-a-mi-espacio-podcasts-y-videos-inspiradores\/#primaryimage"},"image":{"@id":"https:\/\/franciscosenn.com\/bienvenidos-a-mi-espacio-podcasts-y-videos-inspiradores\/#primaryimage"},"thumbnailUrl":"https:\/\/franciscosenn.com\/wp-content\/uploads\/2025\/11\/pexels-photo-1054713-1054713-150x150.jpg","datePublished":"2025-11-05T18:24:11+00:00","dateModified":"2026-01-19T12:11:41+00:00","description":"Bienvenido a mi p\u00e1gina donde comparto podcasts y v\u00eddeos inspiradores sobre crecimiento personal y desarrollo de habilidades. Aqu\u00ed encontrar\u00e1s episodios que te motivar\u00e1n y brindar\u00e1n herramientas pr\u00e1cticas para superar obst\u00e1culos en tu vida. \u00a1Con\u00e9ctate y crece conmigo a trav\u00e9s de mi contenido y coaching personal! Descubre c\u00f3mo transformar tu vida y alcanzar tus metas hoy mismo.","breadcrumb":{"@id":"https:\/\/franciscosenn.com\/bienvenidos-a-mi-espacio-podcasts-y-videos-inspiradores\/#breadcrumb"},"inLanguage":"en-US","potentialAction":[{"@type":"ReadAction","target":["https:\/\/franciscosenn.com\/bienvenidos-a-mi-espacio-podcasts-y-videos-inspiradores\/"]}]},{"@type":"ImageObject","inLanguage":"en-US","@id":"https:\/\/franciscosenn.com\/bienvenidos-a-mi-espacio-podcasts-y-videos-inspiradores\/#primaryimage","url":"https:\/\/franciscosenn.com\/wp-content\/uploads\/2025\/11\/pexels-photo-1054713-1054713-150x150.jpg","contentUrl":"https:\/\/franciscosenn.com\/wp-content\/uploads\/2025\/11\/pexels-photo-1054713-1054713-150x150.jpg"},{"@type":"BreadcrumbList","@id":"https:\/\/franciscosenn.com\/bienvenidos-a-mi-espacio-podcasts-y-videos-inspiradores\/#breadcrumb","itemListElement":[{"@type":"ListItem","position":1,"name":"Portada","item":"https:\/\/franciscosenn.com\/"},{"@type":"ListItem","position":2,"name":"Bienvenidos a Mi Espacio: Podcasts y V\u00eddeos Inspiradores"}]},{"@type":"WebSite","@id":"https:\/\/franciscosenn.com\/#website","url":"https:\/\/franciscosenn.com\/","name":"Francisco Senn","description":"","publisher":{"@id":"https:\/\/franciscosenn.com\/#organization"},"potentialAction":[{"@type":"SearchAction","target":{"@type":"EntryPoint","urlTemplate":"https:\/\/franciscosenn.com\/?s={search_term_string}"},"query-input":{"@type":"PropertyValueSpecification","valueRequired":true,"valueName":"search_term_string"}}],"inLanguage":"en-US"},{"@type":"Organization","@id":"https:\/\/franciscosenn.com\/#organization","name":"Francisco Senn","url":"https:\/\/franciscosenn.com\/","logo":{"@type":"ImageObject","inLanguage":"en-US","@id":"https:\/\/franciscosenn.com\/#\/schema\/logo\/image\/","url":"https:\/\/franciscosenn.com\/wp-content\/uploads\/2025\/06\/cropped-logo_pacosenn-new.png","contentUrl":"https:\/\/franciscosenn.com\/wp-content\/uploads\/2025\/06\/cropped-logo_pacosenn-new.png","width":170,"height":92,"caption":"Francisco Senn"},"image":{"@id":"https:\/\/franciscosenn.com\/#\/schema\/logo\/image\/"}}]}},"uagb_featured_image_src":{"full":false,"thumbnail":false,"medium":false,"medium_large":false,"large":false,"1536x1536":false,"2048x2048":false,"trp-custom-language-flag":false},"uagb_author_info":{"display_name":"Francisco","author_link":"https:\/\/franciscosenn.com\/en\/author\/francisco\/"},"uagb_comment_info":0,"uagb_excerpt":"Explora Mis Podcasts y V\u00eddeos \u00a1Hola! Estoy emocionado de darles la bienvenida a mi p\u00e1gina dedicada a compartir mis podcasts [&hellip;]","_links":{"self":[{"href":"https:\/\/franciscosenn.com\/en\/wp-json\/wp\/v2\/pages\/1371","targetHints":{"allow":["GET"]}}],"collection":[{"href":"https:\/\/franciscosenn.com\/en\/wp-json\/wp\/v2\/pages"}],"about":[{"href":"https:\/\/franciscosenn.com\/en\/wp-json\/wp\/v2\/types\/page"}],"author":[{"embeddable":true,"href":"https:\/\/franciscosenn.com\/en\/wp-json\/wp\/v2\/users\/5"}],"replies":[{"embeddable":true,"href":"https:\/\/franciscosenn.com\/en\/wp-json\/wp\/v2\/comments?post=1371"}],"version-history":[{"count":7,"href":"https:\/\/franciscosenn.com\/en\/wp-json\/wp\/v2\/pages\/1371\/revisions"}],"predecessor-version":[{"id":1450,"href":"https:\/\/franciscosenn.com\/en\/wp-json\/wp\/v2\/pages\/1371\/revisions\/1450"}],"wp:attachment":[{"href":"https:\/\/franciscosenn.com\/en\/wp-json\/wp\/v2\/media?parent=1371"}],"curies":[{"name":"wp","href":"https:\/\/api.w.org\/{rel}","templated":true}]}}