{"id":39,"date":"2025-06-05T18:55:09","date_gmt":"2025-06-05T18:55:09","guid":{"rendered":"https:\/\/straight-shadowcat-l0.zipwp.link\/?page_id=39"},"modified":"2026-04-29T11:30:40","modified_gmt":"2026-04-29T11:30:40","slug":"about","status":"publish","type":"page","link":"https:\/\/franciscosenn.com\/en\/about\/","title":{"rendered":"Coaching Sist\u00e9mico Neuro Coaching"},"content":{"rendered":"<div class=\"wp-block-uagb-container uagb-block-ec6fda5a alignfull uagb-is-root-container\"><div class=\"uagb-container-inner-blocks-wrap\">\n<div class=\"wp-block-uagb-container uagb-layout-flex uagb-block-d33271b6\">\n<div class=\"wp-block-uagb-advanced-heading uagb-block-c0e8abc7\"><p class=\"uagb-desc-text\">Bienestar<\/p><h1 class=\"uagb-heading-text\">Descubre la esencia de Francisco Senn<\/h1><\/div>\n<\/div>\n<\/div><\/div>\n\n\n\n<div class=\"wp-block-uagb-container uagb-layout-flex uagb-block-4d6f7bc6 alignfull uagb-is-root-container\"><div class=\"uagb-container-inner-blocks-wrap\">\n<div class=\"wp-block-uagb-container uagb-layout-grid uagb-block-cd15dd85\">\n<div class=\"wp-block-uagb-image alignleft uagb-block-ef886082 wp-block-uagb-image--layout-default wp-block-uagb-image--effect-static wp-block-uagb-image--align-left uag-hide-mob\"><figure class=\"wp-block-uagb-image__figure\"><img decoding=\"async\" srcset=\"https:\/\/franciscosenn.com\/wp-content\/uploads\/2025\/06\/people-sitting-on-chair-8761328.jpeg ,https:\/\/franciscosenn.com\/wp-content\/uploads\/2025\/06\/people-sitting-on-chair-8761328.jpeg 780w, https:\/\/franciscosenn.com\/wp-content\/uploads\/2025\/06\/people-sitting-on-chair-8761328.jpeg 360w\" sizes=\"auto, (max-width: 480px) 150px\" src=\"https:\/\/franciscosenn.com\/wp-content\/uploads\/2025\/06\/people-sitting-on-chair-8761328.jpeg\" alt=\"\" class=\"uag-image-257\" width=\"300\" height=\"440\" title=\"about-01\" loading=\"lazy\" role=\"img\"\/><\/figure><\/div>\n\n\n\n<div class=\"wp-block-uagb-container uagb-block-a47e876c\">\n<div class=\"wp-block-uagb-image alignleft uagb-block-3e1fd4d8 wp-block-uagb-image--layout-default wp-block-uagb-image--effect-static wp-block-uagb-image--align-left\"><figure class=\"wp-block-uagb-image__figure\"><img decoding=\"async\" srcset=\"https:\/\/franciscosenn.com\/wp-content\/uploads\/2025\/06\/man-in-white-dress-shirt-holding-persons-hand-4098215.jpeg ,https:\/\/franciscosenn.com\/wp-content\/uploads\/2025\/06\/man-in-white-dress-shirt-holding-persons-hand-4098215.jpeg 780w, https:\/\/franciscosenn.com\/wp-content\/uploads\/2025\/06\/man-in-white-dress-shirt-holding-persons-hand-4098215.jpeg 360w\" sizes=\"auto, (max-width: 480px) 150px\" src=\"https:\/\/franciscosenn.com\/wp-content\/uploads\/2025\/06\/man-in-white-dress-shirt-holding-persons-hand-4098215.jpeg\" alt=\"\" class=\"uag-image-246\" width=\"280\" height=\"300\" title=\"about-02\" loading=\"lazy\" role=\"img\"\/><\/figure><\/div>\n\n\n\n<div class=\"wp-block-uagb-image uagb-block-df2d8f96 wp-block-uagb-image--layout-default wp-block-uagb-image--effect-static wp-block-uagb-image--align-none uag-hide-mob\"><figure class=\"wp-block-uagb-image__figure\"><img decoding=\"async\" srcset=\"https:\/\/franciscosenn.com\/wp-content\/uploads\/2025\/06\/a-woman-in-red-long-sleeve-shirt-6476783.jpeg ,https:\/\/franciscosenn.com\/wp-content\/uploads\/2025\/06\/a-woman-in-red-long-sleeve-shirt-6476783.jpeg 780w, https:\/\/franciscosenn.com\/wp-content\/uploads\/2025\/06\/a-woman-in-red-long-sleeve-shirt-6476783.jpeg 360w\" sizes=\"auto, (max-width: 480px) 150px\" src=\"https:\/\/franciscosenn.com\/wp-content\/uploads\/2025\/06\/a-woman-in-red-long-sleeve-shirt-6476783.jpeg\" alt=\"\" class=\"uag-image-245\" width=\"280\" height=\"188\" title=\"about-03\" loading=\"lazy\" role=\"img\"\/><\/figure><\/div>\n<\/div>\n<\/div>\n\n\n\n<div class=\"wp-block-uagb-container uagb-block-7de2cbaa\">\n<div class=\"wp-block-uagb-info-box uagb-block-78244565 uagb-infobox__content-wrap  uagb-infobox-icon-above-title uagb-infobox-image-valign-top\"><div class=\"uagb-ifb-content\"><div class=\"uagb-ifb-title-wrap\"><span class=\"uagb-ifb-title-prefix\">Qui\u00e9nes somos<\/span><h2 class=\"uagb-ifb-title\">Coaching ejecutivo Sist\u00e9mico que transforma vidas y carreras profesionales<\/h2><\/div><p class=\"uagb-ifb-desc\">Francisco Senn, ha transformado la carrera de cientos de profesionales a trav\u00e9s de un coaching sist\u00e9mico efectivo y personalizado, logrando resultados medibles en su desempe\u00f1o y crecimiento personal.<\/p><\/div><\/div>\n\n\n\n<p>El Coaching Sist\u00e9mico es la metodolog\u00eda de liderazgo que te permite <strong>ver el tablero de ajedrez completo, no solo la siguiente jugada<\/strong>. Es el arte de tomar decisiones hoy, comprendiendo c\u00f3mo afectar\u00e1n a todas las \u00e1reas de tu organizaci\u00f3n y a tu futuro, para que cada paso que des no solo resuelva un problema inmediato, sino que construya deliberadamente el \u00e9xito sostenible que deseas.<\/p>\n\n\n\n<div class=\"wp-block-uagb-advanced-heading uagb-block-db823c83\"><p class=\"uagb-heading-text\">Nuestro enfoque \u00fanico y flexible que une cancias de  Neurolog\u00eda y Visi\u00f3n Sist\u00e9mica permite a los clientes alcanzar sus metas mientras desarrollan habilidades clave para el \u00e9xito en sus respectivas \u00e1reas profesionales.<\/p><\/div>\n<\/div>\n<\/div><\/div>\n\n\n\n<div class=\"wp-block-uagb-container uagb-block-46ae3746 alignfull uagb-is-root-container\"><div class=\"uagb-container-inner-blocks-wrap\">\n<div class=\"wp-block-uagb-container uagb-block-feabada6\">\n<div class=\"wp-block-uagb-info-box uagb-block-6ba3ef40 uagb-infobox__content-wrap  uagb-infobox-icon-above-title uagb-infobox-image-valign-top\"><div class=\"uagb-ifb-content\"><div class=\"uagb-ifb-title-wrap\"><h2 class=\"uagb-ifb-title-prefix\">Mi historia de crecimiento y transformaci\u00f3n<\/h2><p class=\"uagb-ifb-title\">Desde sus inicios, Francisco Senn ha dedicado su vida a ayudar a otros a superar desaf\u00edos, convirti\u00e9ndose en un referente en el coaching ejecutivo en Espa\u00f1a y m\u00e1s all\u00e1.<\/p><\/div><p class=\"uagb-ifb-desc\">A lo largo de los a\u00f1os, ha ampliado su alcance y profundizado en el conocimiento del coaching sist\u00e9mico, creando un impacto duradero en sus clientes.<\/p><\/div><\/div>\n<\/div>\n\n\n\n<div class=\"wp-block-uagb-container uagb-block-f3e0c7fc\">\n<div class=\"wp-block-uagb-container uagb-block-54ee357f\">\n<div class=\"wp-block-uagb-advanced-heading uagb-block-6e33fcee\"><h3 class=\"uagb-heading-text\">Mi misi\u00f3n<\/h3><p class=\"uagb-desc-text\">Empoderar a los profesionales a desarrollar su potencial completo a trav\u00e9s de un coaching sist\u00e9mico que promueve el crecimiento personal y la excelencia en el desempe\u00f1o y proporcinoa respuestas m\u00e1s all\u00e1 del espacio y del tiempo.<\/p><\/div>\n<\/div>\n\n\n\n<div class=\"wp-block-uagb-container uagb-block-72ec6c9b\">\n<div class=\"wp-block-uagb-advanced-heading uagb-block-9216f408\"><h3 class=\"uagb-heading-text\">Mi visi\u00f3n<\/h3><p class=\"uagb-desc-text\">Convertirme en el referente l\u00edder en Coaching Sist\u00e9mico Ejecutivo en Espa\u00f1a, impulsando la transformaci\u00f3n personal y profesional en diversas industrias mediante metodolog\u00edas innovadoras y efectivas.<\/p><\/div>\n<\/div>\n<\/div>\n<\/div><\/div>\n\n\n\n<div class=\"wp-block-uagb-container uagb-block-f7a2df67 alignfull uagb-is-root-container\"><div class=\"uagb-container-inner-blocks-wrap\">\n<div class=\"wp-block-uagb-container uagb-layout-grid uagb-block-56258c7a\">\n<div class=\"wp-block-uagb-container uagb-block-d9245a27\">\n<div class=\"wp-block-uagb-info-box uagb-block-dd1ec34c uagb-infobox__content-wrap  uagb-infobox-icon-above-title uagb-infobox-image-valign-top\"><div class=\"uagb-ifb-content\"><div class=\"uagb-ifb-title-wrap\"><span class=\"uagb-ifb-title-prefix\">Historia de \u00e9xito<\/span><h2 class=\"uagb-ifb-title\">Hitos significativos en nuestro recorrido<\/h2><\/div><p class=\"uagb-ifb-desc\">Un viaje lleno de logros, transformaciones y aprendizajes desde nuestros comienzos en el coaching.<\/p><\/div><\/div>\n<\/div>\n\n\n\n<div class=\"wp-block-uagb-container uagb-block-91bee5a0\"><\/div>\n<\/div>\n\n\n\n<div class=\"wp-block-uagb-container uagb-layout-flex uagb-block-18585cd0\">\n<div class=\"wp-block-uagb-container uagb-block-2d5ab18e\">\n<div class=\"wp-block-uagb-info-box uagb-block-635b8ae5 uagb-infobox__content-wrap  uagb-infobox-icon-above-title uagb-infobox-image-valign-top\"><div class=\"uagb-ifb-content\"><div class=\"uagb-ifb-title-wrap\"><span class=\"uagb-ifb-title-prefix\">A\u00f1o 1985<\/span><h3 class=\"uagb-ifb-title\">Inicia la carrera de Consultor de empresas<\/h3><\/div><p class=\"uagb-ifb-desc\">En junio de 1985 Francisco inicia su exitosa carrera como consultor de empresas en la prestigiosa firma internacional Alexander Proudfoot, ejerciendo ininterrumpidamente como consultor en diversas compa\u00f1\u00edas multinacionales desde entonces hasta el d\u00eda de hoy.<\/p><\/div><\/div>\n<\/div>\n\n\n\n<div class=\"wp-block-uagb-container uagb-block-b31d9d12\">\n<div class=\"wp-block-uagb-info-box uagb-block-1f4e9f0e uagb-infobox__content-wrap  uagb-infobox-icon-above-title uagb-infobox-image-valign-top\"><div class=\"uagb-ifb-content\"><div class=\"uagb-ifb-title-wrap\"><span class=\"uagb-ifb-title-prefix\">A\u00f1o 1998<\/span><h3 class=\"uagb-ifb-title\">Fundaci\u00f3n de la empresa<\/h3><\/div><p class=\"uagb-ifb-desc\">En 1998, Francisco Senn estableci\u00f3 su pr\u00e1ctica de coaching ejecutivo, con una visi\u00f3n clara de ayudar a otros a alcanzar su potencial m\u00e1ximo. En este a\u00f1o naci\u00f3 el Grupo Neurosoft, que dio lugar a las divisiones de cursos online, coaching ejecutivo y Management Consulting<\/p><\/div><\/div>\n<\/div>\n\n\n\n<div class=\"wp-block-uagb-container uagb-block-a4c1fab7\">\n<div class=\"wp-block-uagb-info-box uagb-block-92de65cc uagb-infobox__content-wrap  uagb-infobox-icon-above-title uagb-infobox-image-valign-top\"><div class=\"uagb-ifb-content\"><div class=\"uagb-ifb-title-wrap\"><span class=\"uagb-ifb-title-prefix\">A\u00f1o 2011<\/span><h3 class=\"uagb-ifb-title\">Expansi\u00f3n internacional<\/h3><\/div><p class=\"uagb-ifb-desc\">En 2011, iniciamos la expansi\u00f3n internacional de nuestros servicios, llegando a clientes en toda Europa y Latinoam\u00e9rica.<\/p><\/div><\/div>\n<\/div>\n\n\n\n<div class=\"wp-block-uagb-container uagb-block-5194d4f8\">\n<div class=\"wp-block-uagb-info-box uagb-block-618a5694 uagb-infobox__content-wrap  uagb-infobox-icon-above-title uagb-infobox-image-valign-top\"><div class=\"uagb-ifb-content\"><div class=\"uagb-ifb-title-wrap\"><span class=\"uagb-ifb-title-prefix\">A\u00f1o 2011<\/span><h3 class=\"uagb-ifb-title\">Publicaci\u00f3n de libros<\/h3><\/div><p class=\"uagb-ifb-desc\">En 2015, Francisco Senn public\u00f3 su primer libro, ganando reconocimiento entre profesionales como una fuente de inspiraci\u00f3n y conocimiento en el coaching. Su primer libro, Introducci\u00f3n a la PNL, manifiesta la pasi\u00f3n de Francisco por esta metodolog\u00eda y su aplicaci\u00f3n pr\u00e1ctica tanto a individuos como organizaciones, y ha sido descargado por m\u00e1s de 45,000 personas en todo el mundo.<\/p><\/div><\/div>\n<\/div>\n\n\n\n<div class=\"wp-block-uagb-container uagb-block-5196087a\">\n<div class=\"wp-block-uagb-info-box uagb-block-6eff6c3f uagb-infobox__content-wrap  uagb-infobox-icon-above-title uagb-infobox-image-valign-top\"><div class=\"uagb-ifb-content\"><div class=\"uagb-ifb-title-wrap\"><span class=\"uagb-ifb-title-prefix\">A\u00f1o 2020<\/span><h3 class=\"uagb-ifb-title\">Lanzamiento de programas<\/h3><\/div><p class=\"uagb-ifb-desc\">En 2020, introdujimos nuestros programas de certificaci\u00f3n en Neuro-Coaching, convirti\u00e9ndonos en pioneros en esta \u00e1rea en Espa\u00f1a y M\u00e9xico. Su innovador proceso Neurocoaching culmin\u00f3 con la publicaci\u00f3n de su obra cumbre en coaching, \u00abCoaching. La ciencia. Las pruebas\u00bb, libro que demuestra la eficacia de esta nueva forma de asesor\u00eda personalizada.<\/p><\/div><\/div>\n<\/div>\n\n\n\n<div class=\"wp-block-uagb-container uagb-block-ebda2e55\">\n<div class=\"wp-block-uagb-info-box uagb-block-4783a447 uagb-infobox__content-wrap  uagb-infobox-icon-above-title uagb-infobox-image-valign-top wp-block-uagb-info-box--has-margin\"><div class=\"uagb-infobox-margin-wrapper\"><div class=\"uagb-ifb-content\"><div class=\"uagb-ifb-title-wrap\"><span class=\"uagb-ifb-title-prefix\">A\u00f1o 2025<\/span><h3 class=\"uagb-ifb-title\">40 a\u00f1os de servicio<\/h3><\/div><p class=\"uagb-ifb-desc\">Con m\u00e1s de 40 a\u00f1os de experiencia, Francisco Senn es un destacado consultor y coach que transforma vidas y carreras profesionales a trav\u00e9s de un enfoque sist\u00e9mico y personalizado.<\/p><\/div><\/div><\/div>\n<\/div>\n<\/div>\n<\/div><\/div>\n\n\n\n<div class=\"wp-block-uagb-container uagb-block-43773c69 alignfull uagb-is-root-container\"><div class=\"uagb-container-inner-blocks-wrap\">\n<div class=\"wp-block-uagb-info-box uagb-block-7949243f uagb-infobox__content-wrap  uagb-infobox-icon-above-title uagb-infobox-image-valign-top\"><div class=\"uagb-ifb-content\"><div class=\"uagb-ifb-title-wrap\"><span class=\"uagb-ifb-title-prefix\">Con\u00e9ctate Conmigo<\/span><h2 class=\"uagb-ifb-title\">Potencia tu carrera hoy mismo con coaching Sist\u00e9mico<\/h2><\/div><p class=\"uagb-ifb-desc\">No esperes m\u00e1s para comenzar tu viaje hacia la transformaci\u00f3n profesional. Cont\u00e1ctanos y descubre lo que puedes lograr.<\/p><div class=\"uagb-ifb-button-wrapper wp-block-button\"><a href=\"\/en\/contact\/\" class=\"uagb-infobox-cta-link wp-block-button__link\" target=\"_self\" rel=\"noopener noreferrer\" onclick=\"return true;\"><span class=\"uagb-inline-editing\">Comienza Ahora<\/span><\/a><\/div><\/div><\/div>\n<\/div><\/div>","protected":false},"excerpt":{"rendered":"<p>Bienestar Descubre la esencia de Francisco Senn El Coaching Sist\u00e9mico es la metodolog\u00eda de liderazgo que te permite ver el [&hellip;]<\/p>\n","protected":false},"author":5,"featured_media":0,"parent":0,"menu_order":0,"comment_status":"closed","ping_status":"closed","template":"","meta":{"_uag_custom_page_level_css":"","site-sidebar-layout":"default","site-content-layout":"","ast-site-content-layout":"default","site-content-style":"default","site-sidebar-style":"default","ast-global-header-display":"","ast-banner-title-visibility":"","ast-main-header-display":"","ast-hfb-above-header-display":"","ast-hfb-below-header-display":"","ast-hfb-mobile-header-display":"","site-post-title":"","ast-breadcrumbs-content":"","ast-featured-img":"","footer-sml-layout":"","ast-disable-related-posts":"","theme-transparent-header-meta":"","adv-header-id-meta":"","stick-header-meta":"","header-above-stick-meta":"","header-main-stick-meta":"","header-below-stick-meta":"","astra-migrate-meta-layouts":"default","ast-page-background-enabled":"default","ast-page-background-meta":{"desktop":{"background-color":"var(--ast-global-color-4)","background-image":"","background-repeat":"repeat","background-position":"center center","background-size":"auto","background-attachment":"scroll","background-type":"","background-media":"","overlay-type":"","overlay-color":"","overlay-opacity":"","overlay-gradient":""},"tablet":{"background-color":"","background-image":"","background-repeat":"repeat","background-position":"center center","background-size":"auto","background-attachment":"scroll","background-type":"","background-media":"","overlay-type":"","overlay-color":"","overlay-opacity":"","overlay-gradient":""},"mobile":{"background-color":"","background-image":"","background-repeat":"repeat","background-position":"center center","background-size":"auto","background-attachment":"scroll","background-type":"","background-media":"","overlay-type":"","overlay-color":"","overlay-opacity":"","overlay-gradient":""}},"ast-content-background-meta":{"desktop":{"background-color":"var(--ast-global-color-5)","background-image":"","background-repeat":"repeat","background-position":"center center","background-size":"auto","background-attachment":"scroll","background-type":"","background-media":"","overlay-type":"","overlay-color":"","overlay-opacity":"","overlay-gradient":""},"tablet":{"background-color":"var(--ast-global-color-5)","background-image":"","background-repeat":"repeat","background-position":"center center","background-size":"auto","background-attachment":"scroll","background-type":"","background-media":"","overlay-type":"","overlay-color":"","overlay-opacity":"","overlay-gradient":""},"mobile":{"background-color":"var(--ast-global-color-5)","background-image":"","background-repeat":"repeat","background-position":"center center","background-size":"auto","background-attachment":"scroll","background-type":"","background-media":"","overlay-type":"","overlay-color":"","overlay-opacity":"","overlay-gradient":""}},"footnotes":""},"class_list":["post-39","page","type-page","status-publish","hentry"],"yoast_head":"<!-- This site is optimized with the Yoast SEO plugin v27.5 - https:\/\/yoast.com\/product\/yoast-seo-wordpress\/ -->\n<title>Coaching Sist\u00e9mico Neuro Coaching - Francisco Senn<\/title>\n<meta name=\"description\" content=\"Descubre c\u00f3mo el Coaching Sist\u00e9mico puede ayudarte a transformar tu vida personal y profesional, mejorando relaciones y alcanzando tus objetivos.\" \/>\n<meta name=\"robots\" content=\"index, follow, max-snippet:-1, max-image-preview:large, max-video-preview:-1\" \/>\n<link rel=\"canonical\" href=\"https:\/\/franciscosenn.com\/en\/about\/\" \/>\n<meta property=\"og:locale\" content=\"en_US\" \/>\n<meta property=\"og:type\" content=\"article\" \/>\n<meta property=\"og:title\" content=\"Coaching Sist\u00e9mico Neuro Coaching - Francisco Senn\" \/>\n<meta property=\"og:description\" content=\"Descubre c\u00f3mo el Coaching Sist\u00e9mico puede ayudarte a transformar tu vida personal y profesional, mejorando relaciones y alcanzando tus objetivos.\" \/>\n<meta property=\"og:url\" content=\"https:\/\/franciscosenn.com\/en\/about\/\" \/>\n<meta property=\"og:site_name\" content=\"Francisco Senn\" \/>\n<meta property=\"article:modified_time\" content=\"2026-04-29T11:30:40+00:00\" \/>\n<meta property=\"og:image\" content=\"https:\/\/franciscosenn.com\/wp-content\/uploads\/2025\/06\/people-sitting-on-chair-8761328.jpeg\" \/>\n<meta name=\"twitter:card\" content=\"summary_large_image\" \/>\n<meta name=\"twitter:label1\" content=\"Est. reading time\" \/>\n\t<meta name=\"twitter:data1\" content=\"4 minutes\" \/>\n<script type=\"application\/ld+json\" class=\"yoast-schema-graph\">{\"@context\":\"https:\\\/\\\/schema.org\",\"@graph\":[{\"@type\":\"WebPage\",\"@id\":\"https:\\\/\\\/franciscosenn.com\\\/about\\\/\",\"url\":\"https:\\\/\\\/franciscosenn.com\\\/about\\\/\",\"name\":\"Coaching Sist\u00e9mico Neuro Coaching - Francisco Senn\",\"isPartOf\":{\"@id\":\"https:\\\/\\\/franciscosenn.com\\\/#website\"},\"primaryImageOfPage\":{\"@id\":\"https:\\\/\\\/franciscosenn.com\\\/about\\\/#primaryimage\"},\"image\":{\"@id\":\"https:\\\/\\\/franciscosenn.com\\\/about\\\/#primaryimage\"},\"thumbnailUrl\":\"https:\\\/\\\/franciscosenn.com\\\/wp-content\\\/uploads\\\/2025\\\/06\\\/people-sitting-on-chair-8761328.jpeg\",\"datePublished\":\"2025-06-05T18:55:09+00:00\",\"dateModified\":\"2026-04-29T11:30:40+00:00\",\"description\":\"Descubre c\u00f3mo el Coaching Sist\u00e9mico puede ayudarte a transformar tu vida personal y profesional, mejorando relaciones y alcanzando tus objetivos.\",\"breadcrumb\":{\"@id\":\"https:\\\/\\\/franciscosenn.com\\\/about\\\/#breadcrumb\"},\"inLanguage\":\"en-US\",\"potentialAction\":[{\"@type\":\"ReadAction\",\"target\":[\"https:\\\/\\\/franciscosenn.com\\\/about\\\/\"]}]},{\"@type\":\"ImageObject\",\"inLanguage\":\"en-US\",\"@id\":\"https:\\\/\\\/franciscosenn.com\\\/about\\\/#primaryimage\",\"url\":\"https:\\\/\\\/franciscosenn.com\\\/wp-content\\\/uploads\\\/2025\\\/06\\\/people-sitting-on-chair-8761328.jpeg\",\"contentUrl\":\"https:\\\/\\\/franciscosenn.com\\\/wp-content\\\/uploads\\\/2025\\\/06\\\/people-sitting-on-chair-8761328.jpeg\"},{\"@type\":\"BreadcrumbList\",\"@id\":\"https:\\\/\\\/franciscosenn.com\\\/about\\\/#breadcrumb\",\"itemListElement\":[{\"@type\":\"ListItem\",\"position\":1,\"name\":\"Portada\",\"item\":\"https:\\\/\\\/franciscosenn.com\\\/\"},{\"@type\":\"ListItem\",\"position\":2,\"name\":\"Coaching Sist\u00e9mico Neuro Coaching\"}]},{\"@type\":\"WebSite\",\"@id\":\"https:\\\/\\\/franciscosenn.com\\\/#website\",\"url\":\"https:\\\/\\\/franciscosenn.com\\\/\",\"name\":\"Francisco Senn\",\"description\":\"\",\"publisher\":{\"@id\":\"https:\\\/\\\/franciscosenn.com\\\/#organization\"},\"potentialAction\":[{\"@type\":\"SearchAction\",\"target\":{\"@type\":\"EntryPoint\",\"urlTemplate\":\"https:\\\/\\\/franciscosenn.com\\\/?s={search_term_string}\"},\"query-input\":{\"@type\":\"PropertyValueSpecification\",\"valueRequired\":true,\"valueName\":\"search_term_string\"}}],\"inLanguage\":\"en-US\"},{\"@type\":\"Organization\",\"@id\":\"https:\\\/\\\/franciscosenn.com\\\/#organization\",\"name\":\"Francisco Senn\",\"url\":\"https:\\\/\\\/franciscosenn.com\\\/\",\"logo\":{\"@type\":\"ImageObject\",\"inLanguage\":\"en-US\",\"@id\":\"https:\\\/\\\/franciscosenn.com\\\/#\\\/schema\\\/logo\\\/image\\\/\",\"url\":\"https:\\\/\\\/franciscosenn.com\\\/wp-content\\\/uploads\\\/2025\\\/06\\\/cropped-logo_pacosenn-new.png\",\"contentUrl\":\"https:\\\/\\\/franciscosenn.com\\\/wp-content\\\/uploads\\\/2025\\\/06\\\/cropped-logo_pacosenn-new.png\",\"width\":170,\"height\":92,\"caption\":\"Francisco Senn\"},\"image\":{\"@id\":\"https:\\\/\\\/franciscosenn.com\\\/#\\\/schema\\\/logo\\\/image\\\/\"}}]}<\/script>\n<!-- \/ Yoast SEO plugin. -->","yoast_head_json":{"title":"Coaching Sist\u00e9mico Neuro Coaching - Francisco Senn","description":"Descubre c\u00f3mo el Coaching Sist\u00e9mico puede ayudarte a transformar tu vida personal y profesional, mejorando relaciones y alcanzando tus objetivos.","robots":{"index":"index","follow":"follow","max-snippet":"max-snippet:-1","max-image-preview":"max-image-preview:large","max-video-preview":"max-video-preview:-1"},"canonical":"https:\/\/franciscosenn.com\/en\/about\/","og_locale":"en_US","og_type":"article","og_title":"Coaching Sist\u00e9mico Neuro Coaching - Francisco Senn","og_description":"Descubre c\u00f3mo el Coaching Sist\u00e9mico puede ayudarte a transformar tu vida personal y profesional, mejorando relaciones y alcanzando tus objetivos.","og_url":"https:\/\/franciscosenn.com\/en\/about\/","og_site_name":"Francisco Senn","article_modified_time":"2026-04-29T11:30:40+00:00","og_image":[{"url":"https:\/\/franciscosenn.com\/wp-content\/uploads\/2025\/06\/people-sitting-on-chair-8761328.jpeg","type":"","width":"","height":""}],"twitter_card":"summary_large_image","twitter_misc":{"Est. reading time":"4 minutes"},"schema":{"@context":"https:\/\/schema.org","@graph":[{"@type":"WebPage","@id":"https:\/\/franciscosenn.com\/about\/","url":"https:\/\/franciscosenn.com\/about\/","name":"Coaching Sist\u00e9mico Neuro Coaching - Francisco Senn","isPartOf":{"@id":"https:\/\/franciscosenn.com\/#website"},"primaryImageOfPage":{"@id":"https:\/\/franciscosenn.com\/about\/#primaryimage"},"image":{"@id":"https:\/\/franciscosenn.com\/about\/#primaryimage"},"thumbnailUrl":"https:\/\/franciscosenn.com\/wp-content\/uploads\/2025\/06\/people-sitting-on-chair-8761328.jpeg","datePublished":"2025-06-05T18:55:09+00:00","dateModified":"2026-04-29T11:30:40+00:00","description":"Descubre c\u00f3mo el Coaching Sist\u00e9mico puede ayudarte a transformar tu vida personal y profesional, mejorando relaciones y alcanzando tus objetivos.","breadcrumb":{"@id":"https:\/\/franciscosenn.com\/about\/#breadcrumb"},"inLanguage":"en-US","potentialAction":[{"@type":"ReadAction","target":["https:\/\/franciscosenn.com\/about\/"]}]},{"@type":"ImageObject","inLanguage":"en-US","@id":"https:\/\/franciscosenn.com\/about\/#primaryimage","url":"https:\/\/franciscosenn.com\/wp-content\/uploads\/2025\/06\/people-sitting-on-chair-8761328.jpeg","contentUrl":"https:\/\/franciscosenn.com\/wp-content\/uploads\/2025\/06\/people-sitting-on-chair-8761328.jpeg"},{"@type":"BreadcrumbList","@id":"https:\/\/franciscosenn.com\/about\/#breadcrumb","itemListElement":[{"@type":"ListItem","position":1,"name":"Portada","item":"https:\/\/franciscosenn.com\/"},{"@type":"ListItem","position":2,"name":"Coaching Sist\u00e9mico Neuro Coaching"}]},{"@type":"WebSite","@id":"https:\/\/franciscosenn.com\/#website","url":"https:\/\/franciscosenn.com\/","name":"Francisco Senn","description":"","publisher":{"@id":"https:\/\/franciscosenn.com\/#organization"},"potentialAction":[{"@type":"SearchAction","target":{"@type":"EntryPoint","urlTemplate":"https:\/\/franciscosenn.com\/?s={search_term_string}"},"query-input":{"@type":"PropertyValueSpecification","valueRequired":true,"valueName":"search_term_string"}}],"inLanguage":"en-US"},{"@type":"Organization","@id":"https:\/\/franciscosenn.com\/#organization","name":"Francisco Senn","url":"https:\/\/franciscosenn.com\/","logo":{"@type":"ImageObject","inLanguage":"en-US","@id":"https:\/\/franciscosenn.com\/#\/schema\/logo\/image\/","url":"https:\/\/franciscosenn.com\/wp-content\/uploads\/2025\/06\/cropped-logo_pacosenn-new.png","contentUrl":"https:\/\/franciscosenn.com\/wp-content\/uploads\/2025\/06\/cropped-logo_pacosenn-new.png","width":170,"height":92,"caption":"Francisco Senn"},"image":{"@id":"https:\/\/franciscosenn.com\/#\/schema\/logo\/image\/"}}]}},"uagb_featured_image_src":{"full":false,"thumbnail":false,"medium":false,"medium_large":false,"large":false,"1536x1536":false,"2048x2048":false,"trp-custom-language-flag":false},"uagb_author_info":{"display_name":"Francisco","author_link":"https:\/\/franciscosenn.com\/en\/author\/francisco\/"},"uagb_comment_info":0,"uagb_excerpt":"Bienestar Descubre la esencia de Francisco Senn El Coaching Sist\u00e9mico es la metodolog\u00eda de liderazgo que te permite ver el [&hellip;]","_links":{"self":[{"href":"https:\/\/franciscosenn.com\/en\/wp-json\/wp\/v2\/pages\/39","targetHints":{"allow":["GET"]}}],"collection":[{"href":"https:\/\/franciscosenn.com\/en\/wp-json\/wp\/v2\/pages"}],"about":[{"href":"https:\/\/franciscosenn.com\/en\/wp-json\/wp\/v2\/types\/page"}],"author":[{"embeddable":true,"href":"https:\/\/franciscosenn.com\/en\/wp-json\/wp\/v2\/users\/5"}],"replies":[{"embeddable":true,"href":"https:\/\/franciscosenn.com\/en\/wp-json\/wp\/v2\/comments?post=39"}],"version-history":[{"count":8,"href":"https:\/\/franciscosenn.com\/en\/wp-json\/wp\/v2\/pages\/39\/revisions"}],"predecessor-version":[{"id":1673,"href":"https:\/\/franciscosenn.com\/en\/wp-json\/wp\/v2\/pages\/39\/revisions\/1673"}],"wp:attachment":[{"href":"https:\/\/franciscosenn.com\/en\/wp-json\/wp\/v2\/media?parent=39"}],"curies":[{"name":"wp","href":"https:\/\/api.w.org\/{rel}","templated":true}]}}