{"id":40,"date":"2025-06-05T18:55:09","date_gmt":"2025-06-05T18:55:09","guid":{"rendered":"https:\/\/straight-shadowcat-l0.zipwp.link\/?page_id=40"},"modified":"2026-04-29T11:26:02","modified_gmt":"2026-04-29T11:26:02","slug":"neuro-coaching-sistemico","status":"publish","type":"page","link":"https:\/\/franciscosenn.com\/en\/neuro-coaching-sistemico\/","title":{"rendered":"Services"},"content":{"rendered":"<div class=\"wp-block-uagb-container uagb-block-ec6fda5a alignfull uagb-is-root-container\"><div class=\"uagb-container-inner-blocks-wrap\">\n<div class=\"wp-block-uagb-container uagb-layout-flex uagb-block-d33271b6\">\n<div class=\"wp-block-uagb-advanced-heading uagb-block-c0e8abc7\"><p class=\"uagb-desc-text\">Servicios<\/p><h1 class=\"uagb-heading-text\">Impulsa tu desarrollo profesional hoy mismo<\/h1><\/div>\n<\/div>\n<\/div><\/div>\n\n\n\n<div class=\"wp-block-uagb-container uagb-block-f7a2df67 alignfull uagb-is-root-container\"><div class=\"uagb-container-inner-blocks-wrap\">\n<div class=\"wp-block-uagb-container uagb-layout-grid uagb-block-56258c7a\">\n<div class=\"wp-block-uagb-image alignleft uagb-block-4fe1a4d5 wp-block-uagb-image--layout-default wp-block-uagb-image--effect-static wp-block-uagb-image--align-left\"><figure class=\"wp-block-uagb-image__figure\"><img decoding=\"async\" srcset=\"https:\/\/franciscosenn.com\/wp-content\/uploads\/2025\/06\/logo-pacosenn-new-1.png ,https:\/\/franciscosenn.com\/wp-content\/uploads\/2025\/06\/logo-pacosenn-new-1.png 780w, https:\/\/franciscosenn.com\/wp-content\/uploads\/2025\/06\/logo-pacosenn-new-1.png 360w\" sizes=\"auto, (max-width: 480px) 150px\" src=\"https:\/\/franciscosenn.com\/wp-content\/uploads\/2025\/06\/logo-pacosenn-new-1.png\" alt=\"\" class=\"uag-image-240\" width=\"700\" height=\"400\" title=\"services-01\" loading=\"lazy\" role=\"img\"\/><\/figure><\/div>\n\n\n\n<div class=\"wp-block-uagb-info-box uagb-block-dd1ec34c uagb-infobox__content-wrap  uagb-infobox-icon-above-title uagb-infobox-image-valign-top\"><div class=\"uagb-ifb-content\"><div class=\"uagb-ifb-title-wrap\"><h2 class=\"uagb-ifb-title-prefix\">01.<\/h2><h3 class=\"uagb-ifb-title\">Coaching Ejecutivo<\/h3><\/div><p class=\"uagb-ifb-desc\">El coaching ejecutivo de Francisco Senn est\u00e1 dise\u00f1ado para potenciar el rendimiento y crecimiento de los l\u00edderes en el entorno empresarial. A trav\u00e9s de sesiones personalizadas, se aborda el desarrollo de habilidades espec\u00edficas y la alineaci\u00f3n de objetivos personales y profesionales.<\/p><\/div><\/div>\n<\/div>\n\n\n\n<div class=\"wp-block-uagb-container uagb-layout-grid uagb-block-fb8e2fe2\">\n<div class=\"wp-block-uagb-info-box uagb-block-9f4e6f7d uagb-infobox__content-wrap  uagb-infobox-icon-above-title uagb-infobox-image-valign-top\"><div class=\"uagb-ifb-content\"><div class=\"uagb-ifb-title-wrap\"><h2 class=\"uagb-ifb-title-prefix\">02.<\/h2><h3 class=\"uagb-ifb-title\">Neuro-Coaching Sist\u00e9mico<\/h3><\/div><p class=\"uagb-ifb-desc\">El programa de Neuro-Coaching Sist\u00e9mico ofrece herramientas y t\u00e9cnicas basadas en la neurociencia para mejorar el aprendizaje y la toma de decisiones. La Visi\u00f3n Sist\u00e9mica representa la disciplina de tomar decisiones que previenen problemas futuros en lugar de solo solucionar los presentes. Es el paso de un liderazgo reactivo a un liderazgo visionario.<\/p><\/div><\/div>\n\n\n\n<div class=\"wp-block-uagb-image alignleft uagb-block-2bdaa3d7 wp-block-uagb-image--layout-default wp-block-uagb-image--effect-static wp-block-uagb-image--align-left\"><figure class=\"wp-block-uagb-image__figure\"><img decoding=\"async\" srcset=\"https:\/\/franciscosenn.com\/wp-content\/uploads\/2026\/04\/gad3487e9e79b6a239473d49e2afef74b47d491582b6ceb98e8a3f7b076dfe9ad8068ad1798278407628cf24c3f3b8d99adaa801bcf8c923f301305b080855afc_1280-5051290-1024x577.jpg ,https:\/\/franciscosenn.com\/wp-content\/uploads\/2026\/04\/gad3487e9e79b6a239473d49e2afef74b47d491582b6ceb98e8a3f7b076dfe9ad8068ad1798278407628cf24c3f3b8d99adaa801bcf8c923f301305b080855afc_1280-5051290.jpg 780w, https:\/\/franciscosenn.com\/wp-content\/uploads\/2026\/04\/gad3487e9e79b6a239473d49e2afef74b47d491582b6ceb98e8a3f7b076dfe9ad8068ad1798278407628cf24c3f3b8d99adaa801bcf8c923f301305b080855afc_1280-5051290.jpg 360w\" sizes=\"auto, (max-width: 480px) 150px\" src=\"https:\/\/franciscosenn.com\/wp-content\/uploads\/2026\/04\/gad3487e9e79b6a239473d49e2afef74b47d491582b6ceb98e8a3f7b076dfe9ad8068ad1798278407628cf24c3f3b8d99adaa801bcf8c923f301305b080855afc_1280-5051290-1024x577.jpg\" alt=\"sunset, sport, fight, karate, coaching, competition, silhouette, people, the activity, young, hobbies, athletic, nature, karate, karate, karate, karate, karate\" class=\"uag-image-1668\" width=\"700\" height=\"400\" title=\"gad3487e9e79b6a239473d49e2afef74b47d491582b6ceb98e8a3f7b076dfe9ad8068ad1798278407628cf24c3f3b8d99adaa801bcf8c923f301305b080855afc_1280-5051290\" loading=\"lazy\" role=\"img\"\/><\/figure><\/div>\n<\/div>\n\n\n\n<div class=\"wp-block-uagb-container uagb-layout-grid uagb-block-5717ffcf\">\n<div class=\"wp-block-uagb-image alignleft uagb-block-0af6d9bf wp-block-uagb-image--layout-default wp-block-uagb-image--effect-static wp-block-uagb-image--align-left\"><figure class=\"wp-block-uagb-image__figure\"><img decoding=\"async\" srcset=\"https:\/\/franciscosenn.com\/wp-content\/uploads\/2026\/04\/ga924684e41331463a5da5b24457e377a7b147aec9d0f8b432d8789d4901ec48a311303bd3436f9a5092e87de2976bb93ac7908adf804f45aa03e6f6eccdc402e_1280-1463911-1024x683.jpg ,https:\/\/franciscosenn.com\/wp-content\/uploads\/2026\/04\/ga924684e41331463a5da5b24457e377a7b147aec9d0f8b432d8789d4901ec48a311303bd3436f9a5092e87de2976bb93ac7908adf804f45aa03e6f6eccdc402e_1280-1463911.jpg 780w, https:\/\/franciscosenn.com\/wp-content\/uploads\/2026\/04\/ga924684e41331463a5da5b24457e377a7b147aec9d0f8b432d8789d4901ec48a311303bd3436f9a5092e87de2976bb93ac7908adf804f45aa03e6f6eccdc402e_1280-1463911.jpg 360w\" sizes=\"auto, (max-width: 480px) 150px\" src=\"https:\/\/franciscosenn.com\/wp-content\/uploads\/2026\/04\/ga924684e41331463a5da5b24457e377a7b147aec9d0f8b432d8789d4901ec48a311303bd3436f9a5092e87de2976bb93ac7908adf804f45aa03e6f6eccdc402e_1280-1463911-1024x683.jpg\" alt=\"seal, sealing wax, certificate, old, document, seal, seal, certificate, certificate, certificate, certificate, certificate\" class=\"uag-image-1670\" width=\"700\" height=\"400\" title=\"ga924684e41331463a5da5b24457e377a7b147aec9d0f8b432d8789d4901ec48a311303bd3436f9a5092e87de2976bb93ac7908adf804f45aa03e6f6eccdc402e_1280-1463911\" loading=\"lazy\" role=\"img\"\/><\/figure><\/div>\n\n\n\n<div class=\"wp-block-uagb-info-box uagb-block-e085cfca uagb-infobox__content-wrap  uagb-infobox-icon-above-title uagb-infobox-image-valign-top\"><div class=\"uagb-ifb-content\"><div class=\"uagb-ifb-title-wrap\"><h2 class=\"uagb-ifb-title-prefix\">03.<\/h2><h3 class=\"uagb-ifb-title\">Formaci\u00f3n y Certificaci\u00f3n<\/h3><\/div><p class=\"uagb-ifb-desc\">Ofrecemos programas de certificaci\u00f3n en coaching sist\u00e9mico que brindan a los participantes las competencias necesarias para guiar a otros en su desarrollo personal y profesional. Nuestra formaci\u00f3n est\u00e1 basada en m\u00e9todos pr\u00e1cticos y te\u00f3ricos que garantizan una experiencia enriquecedora.<\/p><\/div><\/div>\n<\/div>\n\n\n\n<div class=\"wp-block-uagb-container uagb-layout-grid uagb-block-0d6ffae1\">\n<div class=\"wp-block-uagb-info-box uagb-block-93bbcdff uagb-infobox__content-wrap  uagb-infobox-icon-above-title uagb-infobox-image-valign-top\"><div class=\"uagb-ifb-content\"><div class=\"uagb-ifb-title-wrap\"><h2 class=\"uagb-ifb-title-prefix\">04.<\/h2><h3 class=\"uagb-ifb-title\">Publicaciones Especializadas<\/h3><\/div><p class=\"uagb-ifb-desc\">Francisco Senn ha escrito una variedad de libros y art\u00edculos que abarcan temas de coaching, liderazgo y desarrollo personal. Estas publicaciones son recursos valiosos para aquellos que desean profundizar en sus conocimientos y aplicar nuevas ideas en su carrera.<\/p><\/div><\/div>\n\n\n\n<div class=\"wp-block-uagb-image alignleft uagb-block-1cb63a44 wp-block-uagb-image--layout-default wp-block-uagb-image--effect-static wp-block-uagb-image--align-left\"><figure class=\"wp-block-uagb-image__figure\"><img decoding=\"async\" srcset=\"https:\/\/franciscosenn.com\/wp-content\/uploads\/2025\/06\/foto-fsenn.jpg ,https:\/\/franciscosenn.com\/wp-content\/uploads\/2025\/06\/foto-fsenn.jpg 780w, https:\/\/franciscosenn.com\/wp-content\/uploads\/2025\/06\/foto-fsenn.jpg 360w\" sizes=\"auto, (max-width: 480px) 150px\" src=\"https:\/\/franciscosenn.com\/wp-content\/uploads\/2025\/06\/foto-fsenn.jpg\" alt=\"\" class=\"uag-image-258\" width=\"700\" height=\"400\" title=\"services-04\" loading=\"lazy\" role=\"img\"\/><\/figure><\/div>\n<\/div>\n<\/div><\/div>\n\n\n\n<div class=\"wp-block-uagb-container uagb-block-43773c69 alignfull uagb-is-root-container\"><div class=\"uagb-container-inner-blocks-wrap\">\n<div class=\"wp-block-uagb-info-box uagb-block-7949243f uagb-infobox__content-wrap  uagb-infobox-icon-above-title uagb-infobox-image-valign-top\"><div class=\"uagb-ifb-content\"><div class=\"uagb-ifb-title-wrap\"><span class=\"uagb-ifb-title-prefix\">Con\u00e9ctate Conmigo<\/span><h2 class=\"uagb-ifb-title\">Potencia tu carrera hoy mismo con coaching Sist\u00e9mico<\/h2><\/div><p class=\"uagb-ifb-desc\">No esperes m\u00e1s para comenzar tu viaje hacia la transformaci\u00f3n profesional. Cont\u00e1ctanos y descubre lo que puedes lograr.<\/p><div class=\"uagb-ifb-button-wrapper wp-block-button\"><a href=\"\/en\/contact\/\" class=\"uagb-infobox-cta-link wp-block-button__link\" target=\"_self\" rel=\"noopener noreferrer\" onclick=\"return true;\"><span class=\"uagb-inline-editing\">Comienza Ahora<\/span><\/a><\/div><\/div><\/div>\n<\/div><\/div>","protected":false},"excerpt":{"rendered":"<p>Servicios Impulsa tu desarrollo profesional hoy mismo<\/p>","protected":false},"author":5,"featured_media":0,"parent":0,"menu_order":0,"comment_status":"closed","ping_status":"closed","template":"","meta":{"_uag_custom_page_level_css":"","site-sidebar-layout":"default","site-content-layout":"","ast-site-content-layout":"default","site-content-style":"default","site-sidebar-style":"default","ast-global-header-display":"","ast-banner-title-visibility":"","ast-main-header-display":"","ast-hfb-above-header-display":"","ast-hfb-below-header-display":"","ast-hfb-mobile-header-display":"","site-post-title":"disabled","ast-breadcrumbs-content":"","ast-featured-img":"","footer-sml-layout":"","ast-disable-related-posts":"","theme-transparent-header-meta":"","adv-header-id-meta":"","stick-header-meta":"","header-above-stick-meta":"","header-main-stick-meta":"","header-below-stick-meta":"","astra-migrate-meta-layouts":"default","ast-page-background-enabled":"default","ast-page-background-meta":{"desktop":{"background-color":"var(--ast-global-color-4)","background-image":"","background-repeat":"repeat","background-position":"center center","background-size":"auto","background-attachment":"scroll","background-type":"","background-media":"","overlay-type":"","overlay-color":"","overlay-opacity":"","overlay-gradient":""},"tablet":{"background-color":"","background-image":"","background-repeat":"repeat","background-position":"center center","background-size":"auto","background-attachment":"scroll","background-type":"","background-media":"","overlay-type":"","overlay-color":"","overlay-opacity":"","overlay-gradient":""},"mobile":{"background-color":"","background-image":"","background-repeat":"repeat","background-position":"center center","background-size":"auto","background-attachment":"scroll","background-type":"","background-media":"","overlay-type":"","overlay-color":"","overlay-opacity":"","overlay-gradient":""}},"ast-content-background-meta":{"desktop":{"background-color":"var(--ast-global-color-5)","background-image":"","background-repeat":"repeat","background-position":"center center","background-size":"auto","background-attachment":"scroll","background-type":"","background-media":"","overlay-type":"","overlay-color":"","overlay-opacity":"","overlay-gradient":""},"tablet":{"background-color":"var(--ast-global-color-5)","background-image":"","background-repeat":"repeat","background-position":"center center","background-size":"auto","background-attachment":"scroll","background-type":"","background-media":"","overlay-type":"","overlay-color":"","overlay-opacity":"","overlay-gradient":""},"mobile":{"background-color":"var(--ast-global-color-5)","background-image":"","background-repeat":"repeat","background-position":"center center","background-size":"auto","background-attachment":"scroll","background-type":"","background-media":"","overlay-type":"","overlay-color":"","overlay-opacity":"","overlay-gradient":""}},"footnotes":""},"class_list":["post-40","page","type-page","status-publish","hentry"],"yoast_head":"<!-- This site is optimized with the Yoast SEO plugin v27.5 - https:\/\/yoast.com\/product\/yoast-seo-wordpress\/ -->\n<title>Services - Francisco Senn<\/title>\n<meta name=\"description\" content=\"Neuro coaching sist\u00e9mico, decisiones que previenen problemas futuros en lugar de solo solucionar los presentes. Liderazgo visionario.\" \/>\n<meta name=\"robots\" content=\"index, follow, max-snippet:-1, max-image-preview:large, max-video-preview:-1\" \/>\n<link rel=\"canonical\" href=\"https:\/\/franciscosenn.com\/en\/neuro-coaching-sistemico\/\" \/>\n<meta property=\"og:locale\" content=\"en_US\" \/>\n<meta property=\"og:type\" content=\"article\" \/>\n<meta property=\"og:title\" content=\"Services - Francisco Senn\" \/>\n<meta property=\"og:description\" content=\"Neuro coaching sist\u00e9mico, decisiones que previenen problemas futuros en lugar de solo solucionar los presentes. Liderazgo visionario.\" \/>\n<meta property=\"og:url\" content=\"https:\/\/franciscosenn.com\/en\/neuro-coaching-sistemico\/\" \/>\n<meta property=\"og:site_name\" content=\"Francisco Senn\" \/>\n<meta property=\"article:modified_time\" content=\"2026-04-29T11:26:02+00:00\" \/>\n<meta property=\"og:image\" content=\"https:\/\/franciscosenn.com\/wp-content\/uploads\/2025\/06\/logo-pacosenn-new-1.png\" \/>\n<meta name=\"twitter:card\" content=\"summary_large_image\" \/>\n<meta name=\"twitter:label1\" content=\"Est. reading time\" \/>\n\t<meta name=\"twitter:data1\" content=\"2 minutes\" \/>\n<script type=\"application\/ld+json\" class=\"yoast-schema-graph\">{\"@context\":\"https:\\\/\\\/schema.org\",\"@graph\":[{\"@type\":\"WebPage\",\"@id\":\"https:\\\/\\\/franciscosenn.com\\\/neuro-coaching-sistemico\\\/\",\"url\":\"https:\\\/\\\/franciscosenn.com\\\/neuro-coaching-sistemico\\\/\",\"name\":\"Services - Francisco Senn\",\"isPartOf\":{\"@id\":\"https:\\\/\\\/franciscosenn.com\\\/#website\"},\"primaryImageOfPage\":{\"@id\":\"https:\\\/\\\/franciscosenn.com\\\/neuro-coaching-sistemico\\\/#primaryimage\"},\"image\":{\"@id\":\"https:\\\/\\\/franciscosenn.com\\\/neuro-coaching-sistemico\\\/#primaryimage\"},\"thumbnailUrl\":\"https:\\\/\\\/franciscosenn.com\\\/wp-content\\\/uploads\\\/2025\\\/06\\\/logo-pacosenn-new-1.png\",\"datePublished\":\"2025-06-05T18:55:09+00:00\",\"dateModified\":\"2026-04-29T11:26:02+00:00\",\"description\":\"Neuro coaching sist\u00e9mico, decisiones que previenen problemas futuros en lugar de solo solucionar los presentes. Liderazgo visionario.\",\"breadcrumb\":{\"@id\":\"https:\\\/\\\/franciscosenn.com\\\/neuro-coaching-sistemico\\\/#breadcrumb\"},\"inLanguage\":\"en-US\",\"potentialAction\":[{\"@type\":\"ReadAction\",\"target\":[\"https:\\\/\\\/franciscosenn.com\\\/neuro-coaching-sistemico\\\/\"]}]},{\"@type\":\"ImageObject\",\"inLanguage\":\"en-US\",\"@id\":\"https:\\\/\\\/franciscosenn.com\\\/neuro-coaching-sistemico\\\/#primaryimage\",\"url\":\"https:\\\/\\\/franciscosenn.com\\\/wp-content\\\/uploads\\\/2025\\\/06\\\/logo-pacosenn-new-1.png\",\"contentUrl\":\"https:\\\/\\\/franciscosenn.com\\\/wp-content\\\/uploads\\\/2025\\\/06\\\/logo-pacosenn-new-1.png\"},{\"@type\":\"BreadcrumbList\",\"@id\":\"https:\\\/\\\/franciscosenn.com\\\/neuro-coaching-sistemico\\\/#breadcrumb\",\"itemListElement\":[{\"@type\":\"ListItem\",\"position\":1,\"name\":\"Portada\",\"item\":\"https:\\\/\\\/franciscosenn.com\\\/\"},{\"@type\":\"ListItem\",\"position\":2,\"name\":\"Services\"}]},{\"@type\":\"WebSite\",\"@id\":\"https:\\\/\\\/franciscosenn.com\\\/#website\",\"url\":\"https:\\\/\\\/franciscosenn.com\\\/\",\"name\":\"Francisco Senn\",\"description\":\"\",\"publisher\":{\"@id\":\"https:\\\/\\\/franciscosenn.com\\\/#organization\"},\"potentialAction\":[{\"@type\":\"SearchAction\",\"target\":{\"@type\":\"EntryPoint\",\"urlTemplate\":\"https:\\\/\\\/franciscosenn.com\\\/?s={search_term_string}\"},\"query-input\":{\"@type\":\"PropertyValueSpecification\",\"valueRequired\":true,\"valueName\":\"search_term_string\"}}],\"inLanguage\":\"en-US\"},{\"@type\":\"Organization\",\"@id\":\"https:\\\/\\\/franciscosenn.com\\\/#organization\",\"name\":\"Francisco Senn\",\"url\":\"https:\\\/\\\/franciscosenn.com\\\/\",\"logo\":{\"@type\":\"ImageObject\",\"inLanguage\":\"en-US\",\"@id\":\"https:\\\/\\\/franciscosenn.com\\\/#\\\/schema\\\/logo\\\/image\\\/\",\"url\":\"https:\\\/\\\/franciscosenn.com\\\/wp-content\\\/uploads\\\/2025\\\/06\\\/cropped-logo_pacosenn-new.png\",\"contentUrl\":\"https:\\\/\\\/franciscosenn.com\\\/wp-content\\\/uploads\\\/2025\\\/06\\\/cropped-logo_pacosenn-new.png\",\"width\":170,\"height\":92,\"caption\":\"Francisco Senn\"},\"image\":{\"@id\":\"https:\\\/\\\/franciscosenn.com\\\/#\\\/schema\\\/logo\\\/image\\\/\"}}]}<\/script>\n<!-- \/ Yoast SEO plugin. -->","yoast_head_json":{"title":"Services - Francisco Senn","description":"Neuro coaching sist\u00e9mico, decisiones que previenen problemas futuros en lugar de solo solucionar los presentes. Liderazgo visionario.","robots":{"index":"index","follow":"follow","max-snippet":"max-snippet:-1","max-image-preview":"max-image-preview:large","max-video-preview":"max-video-preview:-1"},"canonical":"https:\/\/franciscosenn.com\/en\/neuro-coaching-sistemico\/","og_locale":"en_US","og_type":"article","og_title":"Services - Francisco Senn","og_description":"Neuro coaching sist\u00e9mico, decisiones que previenen problemas futuros en lugar de solo solucionar los presentes. Liderazgo visionario.","og_url":"https:\/\/franciscosenn.com\/en\/neuro-coaching-sistemico\/","og_site_name":"Francisco Senn","article_modified_time":"2026-04-29T11:26:02+00:00","og_image":[{"url":"https:\/\/franciscosenn.com\/wp-content\/uploads\/2025\/06\/logo-pacosenn-new-1.png","type":"","width":"","height":""}],"twitter_card":"summary_large_image","twitter_misc":{"Est. reading time":"2 minutes"},"schema":{"@context":"https:\/\/schema.org","@graph":[{"@type":"WebPage","@id":"https:\/\/franciscosenn.com\/neuro-coaching-sistemico\/","url":"https:\/\/franciscosenn.com\/neuro-coaching-sistemico\/","name":"Services - Francisco Senn","isPartOf":{"@id":"https:\/\/franciscosenn.com\/#website"},"primaryImageOfPage":{"@id":"https:\/\/franciscosenn.com\/neuro-coaching-sistemico\/#primaryimage"},"image":{"@id":"https:\/\/franciscosenn.com\/neuro-coaching-sistemico\/#primaryimage"},"thumbnailUrl":"https:\/\/franciscosenn.com\/wp-content\/uploads\/2025\/06\/logo-pacosenn-new-1.png","datePublished":"2025-06-05T18:55:09+00:00","dateModified":"2026-04-29T11:26:02+00:00","description":"Neuro coaching sist\u00e9mico, decisiones que previenen problemas futuros en lugar de solo solucionar los presentes. Liderazgo visionario.","breadcrumb":{"@id":"https:\/\/franciscosenn.com\/neuro-coaching-sistemico\/#breadcrumb"},"inLanguage":"en-US","potentialAction":[{"@type":"ReadAction","target":["https:\/\/franciscosenn.com\/neuro-coaching-sistemico\/"]}]},{"@type":"ImageObject","inLanguage":"en-US","@id":"https:\/\/franciscosenn.com\/neuro-coaching-sistemico\/#primaryimage","url":"https:\/\/franciscosenn.com\/wp-content\/uploads\/2025\/06\/logo-pacosenn-new-1.png","contentUrl":"https:\/\/franciscosenn.com\/wp-content\/uploads\/2025\/06\/logo-pacosenn-new-1.png"},{"@type":"BreadcrumbList","@id":"https:\/\/franciscosenn.com\/neuro-coaching-sistemico\/#breadcrumb","itemListElement":[{"@type":"ListItem","position":1,"name":"Portada","item":"https:\/\/franciscosenn.com\/"},{"@type":"ListItem","position":2,"name":"Services"}]},{"@type":"WebSite","@id":"https:\/\/franciscosenn.com\/#website","url":"https:\/\/franciscosenn.com\/","name":"Francisco Senn","description":"","publisher":{"@id":"https:\/\/franciscosenn.com\/#organization"},"potentialAction":[{"@type":"SearchAction","target":{"@type":"EntryPoint","urlTemplate":"https:\/\/franciscosenn.com\/?s={search_term_string}"},"query-input":{"@type":"PropertyValueSpecification","valueRequired":true,"valueName":"search_term_string"}}],"inLanguage":"en-US"},{"@type":"Organization","@id":"https:\/\/franciscosenn.com\/#organization","name":"Francisco Senn","url":"https:\/\/franciscosenn.com\/","logo":{"@type":"ImageObject","inLanguage":"en-US","@id":"https:\/\/franciscosenn.com\/#\/schema\/logo\/image\/","url":"https:\/\/franciscosenn.com\/wp-content\/uploads\/2025\/06\/cropped-logo_pacosenn-new.png","contentUrl":"https:\/\/franciscosenn.com\/wp-content\/uploads\/2025\/06\/cropped-logo_pacosenn-new.png","width":170,"height":92,"caption":"Francisco Senn"},"image":{"@id":"https:\/\/franciscosenn.com\/#\/schema\/logo\/image\/"}}]}},"uagb_featured_image_src":{"full":false,"thumbnail":false,"medium":false,"medium_large":false,"large":false,"1536x1536":false,"2048x2048":false,"trp-custom-language-flag":false},"uagb_author_info":{"display_name":"Francisco","author_link":"https:\/\/franciscosenn.com\/en\/author\/francisco\/"},"uagb_comment_info":0,"uagb_excerpt":"Servicios Impulsa tu desarrollo profesional hoy mismo","_links":{"self":[{"href":"https:\/\/franciscosenn.com\/en\/wp-json\/wp\/v2\/pages\/40","targetHints":{"allow":["GET"]}}],"collection":[{"href":"https:\/\/franciscosenn.com\/en\/wp-json\/wp\/v2\/pages"}],"about":[{"href":"https:\/\/franciscosenn.com\/en\/wp-json\/wp\/v2\/types\/page"}],"author":[{"embeddable":true,"href":"https:\/\/franciscosenn.com\/en\/wp-json\/wp\/v2\/users\/5"}],"replies":[{"embeddable":true,"href":"https:\/\/franciscosenn.com\/en\/wp-json\/wp\/v2\/comments?post=40"}],"version-history":[{"count":3,"href":"https:\/\/franciscosenn.com\/en\/wp-json\/wp\/v2\/pages\/40\/revisions"}],"predecessor-version":[{"id":1671,"href":"https:\/\/franciscosenn.com\/en\/wp-json\/wp\/v2\/pages\/40\/revisions\/1671"}],"wp:attachment":[{"href":"https:\/\/franciscosenn.com\/en\/wp-json\/wp\/v2\/media?parent=40"}],"curies":[{"name":"wp","href":"https:\/\/api.w.org\/{rel}","templated":true}]}}